{"id":173,"date":"2025-10-31T22:04:50","date_gmt":"2025-10-31T21:04:50","guid":{"rendered":"https:\/\/webinstitucional.expertaart.com.ar\/?page_id=173"},"modified":"2026-01-12T18:54:41","modified_gmt":"2026-01-12T17:54:41","slug":"boton-de-baja","status":"publish","type":"page","link":"https:\/\/webinstitucional.expertaart.com.ar\/index.php\/boton-de-baja\/","title":{"rendered":"Bot\u00f3n de baja"},"content":{"rendered":"\t\t<div data-elementor-type=\"wp-page\" data-elementor-id=\"173\" class=\"elementor elementor-173\" data-elementor-post-type=\"page\">\n\t\t\t\t<div class=\"elementor-element elementor-element-b6098ee e-con-full e-flex e-con e-parent\" data-id=\"b6098ee\" data-element_type=\"container\" data-e-type=\"container\" data-settings=\"{&quot;background_background&quot;:&quot;classic&quot;}\">\n\t\t<div class=\"elementor-element elementor-element-3a706db e-con-full e-flex e-con e-child\" data-id=\"3a706db\" data-element_type=\"container\" data-e-type=\"container\">\n\t\t<div class=\"elementor-element elementor-element-1d7e932 e-con-full e-flex elementor-invisible e-con e-child\" data-id=\"1d7e932\" data-element_type=\"container\" data-e-type=\"container\" data-settings=\"{&quot;animation&quot;:&quot;fadeInLeft&quot;}\">\n\t\t\t\t<div class=\"elementor-element elementor-element-1b28727 elementor-widget__width-initial elementor-hidden-mobile elementor-widget elementor-widget-image\" data-id=\"1b28727\" data-element_type=\"widget\" data-e-type=\"widget\" data-widget_type=\"image.default\">\n\t\t\t\t\t\t\t\t\t\t\t\t\t\t\t<img decoding=\"async\" width=\"225\" height=\"117\" src=\"https:\/\/webinstitucional.expertaart.com.ar\/wp-content\/uploads\/2025\/10\/experta-seguros-flechas.png\" class=\"attachment-large size-large wp-image-19\" alt=\"\" \/>\t\t\t\t\t\t\t\t\t\t\t\t\t\t\t<\/div>\n\t\t\t\t<div class=\"elementor-element elementor-element-70a358e elementor-widget__width-auto elementor-widget-mobile__width-inherit elementor-widget elementor-widget-heading\" data-id=\"70a358e\" data-element_type=\"widget\" data-e-type=\"widget\" data-widget_type=\"heading.default\">\n\t\t\t\t\t<h2 class=\"elementor-heading-title elementor-size-default\">Bot\u00f3n de baja<\/h2>\t\t\t\t<\/div>\n\t\t\t\t<\/div>\n\t\t<div class=\"elementor-element elementor-element-3964c2a e-flex e-con-boxed e-con e-child\" data-id=\"3964c2a\" data-element_type=\"container\" data-e-type=\"container\">\n\t\t\t\t\t<div class=\"e-con-inner\">\n\t\t<div class=\"elementor-element elementor-element-3ef068e e-con-full e-flex e-con e-child\" data-id=\"3ef068e\" data-element_type=\"container\" data-e-type=\"container\">\n\t\t\t\t<div class=\"elementor-element elementor-element-54468ca elementor-widget__width-initial elementor-invisible elementor-widget elementor-widget-heading\" data-id=\"54468ca\" data-element_type=\"widget\" data-e-type=\"widget\" data-settings=\"{&quot;_animation&quot;:&quot;fadeIn&quot;}\" data-widget_type=\"heading.default\">\n\t\t\t\t\t<h3 class=\"elementor-heading-title elementor-size-default\">Conoc\u00e9 los datos para iniciar el tr\u00e1mite de baja del seguro<\/h3>\t\t\t\t<\/div>\n\t\t\t\t<div class=\"elementor-element elementor-element-645df21 elementor-icon-list--layout-traditional elementor-list-item-link-full_width elementor-widget elementor-widget-icon-list\" data-id=\"645df21\" data-element_type=\"widget\" data-e-type=\"widget\" data-widget_type=\"icon-list.default\">\n\t\t\t\t\t\t\t<ul class=\"elementor-icon-list-items\">\n\t\t\t\t\t\t\t<li class=\"elementor-icon-list-item\">\n\t\t\t\t\t\t\t\t\t\t\t<span class=\"elementor-icon-list-icon\">\n\t\t\t\t\t\t\t<svg aria-hidden=\"true\" class=\"e-font-icon-svg e-fas-circle\" viewBox=\"0 0 512 512\" xmlns=\"http:\/\/www.w3.org\/2000\/svg\"><path d=\"M256 8C119 8 8 119 8 256s111 248 248 248 248-111 248-248S393 8 256 8z\"><\/path><\/svg>\t\t\t\t\t\t<\/span>\n\t\t\t\t\t\t\t\t\t\t<span class=\"elementor-icon-list-text\">Complet\u00e1 el formulario con los datos requeridos.<\/span>\n\t\t\t\t\t\t\t\t\t<\/li>\n\t\t\t\t\t\t\t\t<li class=\"elementor-icon-list-item\">\n\t\t\t\t\t\t\t\t\t\t\t<span class=\"elementor-icon-list-icon\">\n\t\t\t\t\t\t\t<svg aria-hidden=\"true\" class=\"e-font-icon-svg e-fas-circle\" viewBox=\"0 0 512 512\" xmlns=\"http:\/\/www.w3.org\/2000\/svg\"><path d=\"M256 8C119 8 8 119 8 256s111 248 248 248 248-111 248-248S393 8 256 8z\"><\/path><\/svg>\t\t\t\t\t\t<\/span>\n\t\t\t\t\t\t\t\t\t\t<span class=\"elementor-icon-list-text\">Adjunt\u00e1 la carta manuscrita.<\/span>\n\t\t\t\t\t\t\t\t\t<\/li>\n\t\t\t\t\t\t\t\t<li class=\"elementor-icon-list-item\">\n\t\t\t\t\t\t\t\t\t\t\t<span class=\"elementor-icon-list-icon\">\n\t\t\t\t\t\t\t<svg aria-hidden=\"true\" class=\"e-font-icon-svg e-fas-circle\" viewBox=\"0 0 512 512\" xmlns=\"http:\/\/www.w3.org\/2000\/svg\"><path d=\"M256 8C119 8 8 119 8 256s111 248 248 248 248-111 248-248S393 8 256 8z\"><\/path><\/svg>\t\t\t\t\t\t<\/span>\n\t\t\t\t\t\t\t\t\t\t<span class=\"elementor-icon-list-text\">Recibir\u00e1s por mail el aviso de inicio del tr\u00e1mite.<\/span>\n\t\t\t\t\t\t\t\t\t<\/li>\n\t\t\t\t\t\t<\/ul>\n\t\t\t\t\t\t<\/div>\n\t\t<div class=\"elementor-element elementor-element-85a5f56 e-con-full e-flex e-con e-child\" data-id=\"85a5f56\" data-element_type=\"container\" data-e-type=\"container\">\n\t\t<div class=\"elementor-element elementor-element-726d932 e-con-full animated-slow e-flex elementor-invisible e-con e-child\" data-id=\"726d932\" data-element_type=\"container\" data-e-type=\"container\" data-settings=\"{&quot;background_background&quot;:&quot;classic&quot;,&quot;animation&quot;:&quot;fadeIn&quot;}\">\n\t\t\t\t<div class=\"elementor-element elementor-element-230db5a elementor-widget-mobile__width-initial elementor-widget elementor-widget-image\" data-id=\"230db5a\" data-element_type=\"widget\" data-e-type=\"widget\" data-widget_type=\"image.default\">\n\t\t\t\t\t\t\t\t\t\t\t\t\t\t\t<img decoding=\"async\" width=\"157\" height=\"157\" src=\"https:\/\/webinstitucional.expertaart.com.ar\/wp-content\/uploads\/2025\/10\/notificacion.png\" class=\"attachment-large size-large wp-image-175\" alt=\"\" srcset=\"https:\/\/webinstitucional.expertaart.com.ar\/wp-content\/uploads\/2025\/10\/notificacion.png 157w, https:\/\/webinstitucional.expertaart.com.ar\/wp-content\/uploads\/2025\/10\/notificacion-150x150.png 150w\" sizes=\"(max-width: 157px) 100vw, 157px\" \/>\t\t\t\t\t\t\t\t\t\t\t\t\t\t\t<\/div>\n\t\t\t\t<div class=\"elementor-element elementor-element-949a398 elementor-widget__width-initial elementor-widget elementor-widget-heading\" data-id=\"949a398\" data-element_type=\"widget\" data-e-type=\"widget\" data-widget_type=\"heading.default\">\n\t\t\t\t\t<h4 class=\"elementor-heading-title elementor-size-default\">Cada p\u00f3liza requiere un formulario de solicitud de baja particular.<\/h4>\t\t\t\t<\/div>\n\t\t\t\t<\/div>\n\t\t<div class=\"elementor-element elementor-element-ff3319a e-con-full animated-slow e-flex elementor-invisible e-con e-child\" data-id=\"ff3319a\" data-element_type=\"container\" data-e-type=\"container\" data-settings=\"{&quot;background_background&quot;:&quot;classic&quot;,&quot;animation&quot;:&quot;fadeIn&quot;}\">\n\t\t\t\t<div class=\"elementor-element elementor-element-42ec175 elementor-widget__width-initial elementor-invisible elementor-widget elementor-widget-heading\" data-id=\"42ec175\" data-element_type=\"widget\" data-e-type=\"widget\" data-settings=\"{&quot;_animation&quot;:&quot;fadeIn&quot;}\" data-widget_type=\"heading.default\">\n\t\t\t\t\t<h4 class=\"elementor-heading-title elementor-size-default\">\u00bfD\u00f3nde encuentro mi p\u00f3liza?<\/h4>\t\t\t\t<\/div>\n\t\t\t\t<div class=\"elementor-element elementor-element-b1a2221 elementor-widget__width-inherit elementor-widget elementor-widget-text-editor\" data-id=\"b1a2221\" data-element_type=\"widget\" data-e-type=\"widget\" data-widget_type=\"text-editor.default\">\n\t\t\t\t\t\t\t\t\t<p>Ingres\u00e1 con tu usuario en Experta Online y consult\u00e1 los datos de tu p\u00f3liza.\u2028<br \/><span style=\"text-decoration: underline; color: #006098;\"><span style=\"text-decoration: underline;\"><a style=\"color: #006098; text-decoration: underline;\" href=\"https:\/\/webinstitucional.expertaart.com.ar\/marketing\/ExpertaSeguros\/poliza-baja.pdf\" target=\"_blank\" rel=\"noopener\">CONOC\u00c9 M\u00c1S<\/a><\/span><\/span><\/p>\t\t\t\t\t\t\t\t<\/div>\n\t\t\t\t<\/div>\n\t\t<div class=\"elementor-element elementor-element-c53d086 e-con-full animated-slow e-flex elementor-invisible e-con e-child\" data-id=\"c53d086\" data-element_type=\"container\" data-e-type=\"container\" data-settings=\"{&quot;background_background&quot;:&quot;classic&quot;,&quot;animation&quot;:&quot;fadeIn&quot;}\">\n\t\t\t\t<div class=\"elementor-element elementor-element-f02d850 elementor-widget__width-initial elementor-invisible elementor-widget elementor-widget-heading\" data-id=\"f02d850\" data-element_type=\"widget\" data-e-type=\"widget\" data-settings=\"{&quot;_animation&quot;:&quot;fadeIn&quot;}\" data-widget_type=\"heading.default\">\n\t\t\t\t\t<h4 class=\"elementor-heading-title elementor-size-default\">Carta manuscrita<\/h4>\t\t\t\t<\/div>\n\t\t\t\t<div class=\"elementor-element elementor-element-627942a elementor-widget__width-inherit elementor-widget elementor-widget-text-editor\" data-id=\"627942a\" data-element_type=\"widget\" data-e-type=\"widget\" data-widget_type=\"text-editor.default\">\n\t\t\t\t\t\t\t\t\t<p>Pod\u00e9s iniciar la solicitud de la baja de tu p\u00f3liza por medio de una carta manuscrita. Realizala y subila (en formato PDF, JPG, PNG, DOCX, XLS, TXX o PPT) con un tama\u00f1o m\u00e1ximo de 5mb.\u2028<br \/><span style=\"color: #006098;\"><a style=\"text-decoration: underline; color: #006098;\" href=\"https:\/\/webinstitucional.expertaart.com.ar\/marketing\/ExpertaSeguros\/carta-manuscrita-baja.pdf\" target=\"_blank\" rel=\"noopener\">VER EJEMPLO<\/a><\/span><\/p>\t\t\t\t\t\t\t\t<\/div>\n\t\t\t\t<\/div>\n\t\t\t\t<\/div>\n\t\t\t\t<\/div>\n\t\t\t\t<div class=\"elementor-element elementor-element-afd1fc5 elementor-widget-mobile__width-initial elementor-widget elementor-widget-shortcode\" data-id=\"afd1fc5\" data-element_type=\"widget\" data-e-type=\"widget\" data-widget_type=\"shortcode.default\">\n\t\t\t\t\t\t\t<div class=\"elementor-shortcode\"><div class=\"module-root boton-de-baja\"><div class=\"baja-card\" aria-labelledby=\"baja-card-title\">\n  <h3 id=\"baja-card-title\" class=\"baja-card-title\">Complet\u00e1 el formulario<\/h3>\n\n  <form id=\"baja-form\" method=\"POST\" action=\"https:\/\/webinstitucional.expertaart.com.ar\/wp-content\/themes\/hello-elementor-child\/modules\/boton-de-baja\/public\/submit.php\" enctype=\"multipart\/form-data\" novalidate autocomplete=\"on\"\n    data-recaptcha-sitekey=\"6Le7LkEsAAAAALb5EPxCCFM3ljynSDi7oTKLeZI2\">\n    <input type=\"hidden\" name=\"form_id\" value=\"page_baja\" \/>\n\n    <div class=\"baja-grid\">\n      <div class=\"baja-field baja-field-full\" data-field=\"motivo\">\n        <label class=\"baja-label\" for=\"motivo\">Seleccionar motivo de la baja<\/label>\n        <select id=\"motivo\" name=\"motivo\" class=\"baja-input\" required aria-required=\"true\"\n          aria-describedby=\"motivo-error\">\n          <option value=\"\" selected disabled>Seleccionar motivo de la baja<\/option>\n          <option value=\"mejor oferta\">MEJOR OFERTA<\/option>\n          <option value=\"mala atencion\">MALA ATENCI\u00d3N<\/option>\n          <option value=\"no lo necesito mas\">NO LO NECESITO M\u00c1S<\/option>\n          <option value=\"otros\">OTROS<\/option>\n        <\/select>\n        <p id=\"motivo-error\" class=\"baja-error\" role=\"alert\" aria-live=\"polite\"><\/p>\n      <\/div>\n\n      <div class=\"baja-field\" data-field=\"ramo\">\n        <label class=\"baja-label\" for=\"ramo\">Seleccionar Ramo<\/label>\n        <select id=\"ramo\" name=\"ramo\" class=\"baja-input\" required aria-required=\"true\" aria-describedby=\"ramo-error\">\n          <option value=\"\" selected disabled>Seleccionar ramo<\/option>\n          <option value=\"3\">ACCIDENTES PERSONALES<\/option>\n          <option value=\"4\">AUTOMOTORES<\/option>\n          <option value=\"6\">ROBO<\/option>\n          <option value=\"15\">HOGAR<\/option>\n        <\/select>\n        <p id=\"ramo-error\" class=\"baja-error\" role=\"alert\" aria-live=\"polite\"><\/p>\n      <\/div>\n\n      <div class=\"baja-field\" data-field=\"poliza\">\n        <label class=\"baja-label\" for=\"poliza\">N\u00famero de p\u00f3liza<\/label>\n        <input id=\"poliza\" name=\"poliza\" class=\"baja-input\" type=\"text\" inputmode=\"numeric\" autocomplete=\"off\"\n          placeholder=\"N\u00famero de p\u00f3liza\" required aria-required=\"true\" aria-describedby=\"poliza-error\" \/>\n        <p id=\"poliza-error\" class=\"baja-error\" role=\"alert\" aria-live=\"polite\"><\/p>\n      <\/div>\n\n      <div class=\"baja-field baja-field-full is-hidden\" data-field=\"patente\" id=\"patente-field\">\n        <label class=\"baja-label\" for=\"patente\">Patente<\/label>\n        <input id=\"patente\" name=\"patente\" class=\"baja-input\" type=\"text\" autocomplete=\"off\" placeholder=\"Patente\"\n          aria-describedby=\"patente-error\" \/>\n        <p id=\"patente-error\" class=\"baja-error\" role=\"alert\" aria-live=\"polite\"><\/p>\n      <\/div>\n\n      <div class=\"baja-field baja-field-full\" data-field=\"name\">\n        <label class=\"baja-label\" for=\"name\">Nombre y apellido<\/label>\n        <input id=\"name\" name=\"name\" class=\"baja-input\" type=\"text\" autocomplete=\"name\" placeholder=\"Nombre y apellido\"\n          required aria-required=\"true\" aria-describedby=\"name-error\" \/>\n        <p id=\"name-error\" class=\"baja-error\" role=\"alert\" aria-live=\"polite\"><\/p>\n      <\/div>\n\n      <div class=\"baja-field baja-field-full\" data-field=\"dni\">\n        <label class=\"baja-label\" for=\"dni\">DNI del titular<\/label>\n        <input id=\"dni\" name=\"dni\" class=\"baja-input\" type=\"text\" inputmode=\"numeric\" autocomplete=\"off\"\n          placeholder=\"DNI del titular\" required aria-required=\"true\" aria-describedby=\"dni-error\" \/>\n        <p id=\"dni-error\" class=\"baja-error\" role=\"alert\" aria-live=\"polite\"><\/p>\n      <\/div>\n\n      <div class=\"baja-field baja-field-full\" data-field=\"mobile\">\n        <label class=\"baja-label\" for=\"mobile\">N\u00famero de celular<\/label>\n        <input id=\"mobile\" name=\"mobile\" class=\"baja-input\" type=\"tel\" autocomplete=\"tel\"\n          placeholder=\"N\u00famero de celular\" required aria-required=\"true\" aria-describedby=\"mobile-error\" \/>\n        <p id=\"mobile-error\" class=\"baja-error\" role=\"alert\" aria-live=\"polite\"><\/p>\n      <\/div>\n\n      <div class=\"baja-field baja-field-full\" data-field=\"email\">\n        <label class=\"baja-label\" for=\"email\">Email<\/label>\n        <input id=\"email\" name=\"email\" class=\"baja-input\" type=\"email\" autocomplete=\"email\" placeholder=\"Email\" required\n          aria-required=\"true\" aria-describedby=\"email-error\" \/>\n        <p id=\"email-error\" class=\"baja-error\" role=\"alert\" aria-live=\"polite\"><\/p>\n      <\/div>\n\n      <div class=\"baja-field baja-field-full\" data-field=\"adj\">\n        <p class=\"baja-file-label\">Cargar la carta manuscrita<\/p>\n\n        <input id=\"adj_file\" name=\"adj_file\" class=\"baja-file\" type=\"file\"\n          accept=\".png,.jpg,.jpeg,.pdf,.docx,.ppt,.xls,.txt\" required aria-required=\"true\"\n          aria-describedby=\"adj-error\" \/>\n\n        <input type=\"hidden\" id=\"tipo_adj\" name=\"tipo_adj\" value=\"\" \/>\n        <input type=\"hidden\" id=\"adj\" name=\"adj\" value=\"\" \/>\n\n        <p id=\"adj-error\" class=\"baja-error\" role=\"alert\" aria-live=\"polite\"><\/p>\n      <\/div>\n\n      <div class=\"baja-field baja-field-full\" data-field=\"recaptcha\">\n        <input type=\"hidden\" name=\"g-recaptcha-response\" id=\"g-recaptcha-response\" value=\"\" \/>\n\n      <\/div>\n\n      <div class=\"baja-actions baja-field-full\">\n        <button id=\"baja-submit-button\" type=\"submit\" class=\"baja-button\" disabled aria-disabled=\"true\">\n          Enviar\n        <\/button>\n      <\/div>\n\n      <div id=\"baja-success\" class=\"baja-success\" role=\"status\" aria-live=\"polite\" hidden>\n        <span class=\"elementor-message elementor-message-success elementor-message-svg baja-success-icon\"\n          aria-hidden=\"true\"><\/span>\n        <span class=\"baja-success-text\">Su env\u00edo fue exitoso<\/span>\n      <\/div>\n    <\/div>\n  <\/form>\n<\/div><\/div><\/div>\n\t\t\t\t\t\t<\/div>\n\t\t\t\t\t<\/div>\n\t\t\t\t<\/div>\n\t\t\t\t<\/div>\n\t\t\t\t<\/div>\n\t\t\t\t<\/div>\n\t\t","protected":false},"excerpt":{"rendered":"<p>Bot\u00f3n de baja Conoc\u00e9 los datos para iniciar el tr\u00e1mite de baja del seguro Complet\u00e1 el formulario con los datos requeridos. Adjunt\u00e1 la carta manuscrita. Recibir\u00e1s por mail el aviso de inicio del tr\u00e1mite. Cada p\u00f3liza requiere un formulario de solicitud de baja particular. \u00bfD\u00f3nde encuentro mi p\u00f3liza? Ingres\u00e1 con tu usuario en Experta Online [&hellip;]<\/p>\n","protected":false},"author":1,"featured_media":0,"parent":0,"menu_order":0,"comment_status":"closed","ping_status":"closed","template":"","meta":{"_acf_changed":false,"footnotes":""},"class_list":["post-173","page","type-page","status-publish","hentry"],"acf":[],"_links":{"self":[{"href":"https:\/\/webinstitucional.expertaart.com.ar\/index.php\/wp-json\/wp\/v2\/pages\/173","targetHints":{"allow":["GET"]}}],"collection":[{"href":"https:\/\/webinstitucional.expertaart.com.ar\/index.php\/wp-json\/wp\/v2\/pages"}],"about":[{"href":"https:\/\/webinstitucional.expertaart.com.ar\/index.php\/wp-json\/wp\/v2\/types\/page"}],"author":[{"embeddable":true,"href":"https:\/\/webinstitucional.expertaart.com.ar\/index.php\/wp-json\/wp\/v2\/users\/1"}],"replies":[{"embeddable":true,"href":"https:\/\/webinstitucional.expertaart.com.ar\/index.php\/wp-json\/wp\/v2\/comments?post=173"}],"version-history":[{"count":14,"href":"https:\/\/webinstitucional.expertaart.com.ar\/index.php\/wp-json\/wp\/v2\/pages\/173\/revisions"}],"predecessor-version":[{"id":8815,"href":"https:\/\/webinstitucional.expertaart.com.ar\/index.php\/wp-json\/wp\/v2\/pages\/173\/revisions\/8815"}],"wp:attachment":[{"href":"https:\/\/webinstitucional.expertaart.com.ar\/index.php\/wp-json\/wp\/v2\/media?parent=173"}],"curies":[{"name":"wp","href":"https:\/\/api.w.org\/{rel}","templated":true}]}}