{"id":346,"date":"2025-10-31T23:15:03","date_gmt":"2025-10-31T22:15:03","guid":{"rendered":"https:\/\/webinstitucional.expertaart.com.ar\/?page_id=346"},"modified":"2025-10-31T23:15:45","modified_gmt":"2025-10-31T22:15:45","slug":"terminos-y-condiciones","status":"publish","type":"page","link":"https:\/\/webinstitucional.expertaart.com.ar\/index.php\/terminos-y-condiciones\/","title":{"rendered":"T\u00e9rminos y condiciones"},"content":{"rendered":"\t\t<div data-elementor-type=\"wp-page\" data-elementor-id=\"346\" class=\"elementor elementor-346\" data-elementor-post-type=\"page\">\n\t\t\t\t<div class=\"elementor-element elementor-element-5a118a1 e-con-full e-flex e-con e-parent\" data-id=\"5a118a1\" data-element_type=\"container\" data-e-type=\"container\" data-settings=\"{&quot;background_background&quot;:&quot;classic&quot;}\">\n\t\t<div class=\"elementor-element elementor-element-a92d31b e-con-full e-flex e-con e-child\" data-id=\"a92d31b\" data-element_type=\"container\" data-e-type=\"container\">\n\t\t<div class=\"elementor-element elementor-element-e5090c2 e-con-full e-flex e-con e-child\" data-id=\"e5090c2\" data-element_type=\"container\" data-e-type=\"container\">\n\t\t\t\t<div class=\"elementor-element elementor-element-a27985d elementor-widget__width-initial elementor-widget elementor-widget-image\" data-id=\"a27985d\" data-element_type=\"widget\" data-e-type=\"widget\" data-widget_type=\"image.default\">\n\t\t\t\t\t\t\t\t\t\t\t\t\t\t\t<img decoding=\"async\" width=\"225\" height=\"117\" src=\"https:\/\/webinstitucional.expertaart.com.ar\/wp-content\/uploads\/2025\/10\/experta-seguros-flechas.png\" class=\"attachment-large size-large wp-image-19\" alt=\"\" \/>\t\t\t\t\t\t\t\t\t\t\t\t\t\t\t<\/div>\n\t\t\t\t<div class=\"elementor-element elementor-element-067f128 elementor-widget__width-initial elementor-widget-mobile__width-initial elementor-widget elementor-widget-heading\" data-id=\"067f128\" data-element_type=\"widget\" data-e-type=\"widget\" data-widget_type=\"heading.default\">\n\t\t\t\t\t<h2 class=\"elementor-heading-title elementor-size-default\">T\u00e9rminos y condiciones<\/h2>\t\t\t\t<\/div>\n\t\t\t\t<\/div>\n\t\t<div class=\"elementor-element elementor-element-ed6ad69 e-flex e-con-boxed e-con e-child\" data-id=\"ed6ad69\" data-element_type=\"container\" data-e-type=\"container\">\n\t\t\t\t\t<div class=\"e-con-inner\">\n\t\t\t\t<div class=\"elementor-element elementor-element-ec7e280 elementor-widget-mobile__width-inherit elementor-widget elementor-widget-text-editor\" data-id=\"ec7e280\" data-element_type=\"widget\" data-e-type=\"widget\" data-widget_type=\"text-editor.default\">\n\t\t\t\t\t\t\t\t\t<div class=\"wpb_wrapper\"><p>A continuaci\u00f3n, se describen los T\u00e9rminos y Condiciones Generales aplicables a la utilizaci\u00f3n del sitio de internet webinstitucional.expertaart.com.ar, y de los servicios y contenidos brindados por Experta ART S.A.\u00a0 y Experta Seguros S.A.U. (indistintamente \u201cExperta\u201d ) online, que se ponen a disposici\u00f3n de los usuarios del sitio web en general y, en especial, en lo relativo al Centro de Atenci\u00f3n al Cliente de Experta v\u00eda internet.<br \/>En atenci\u00f3n a ello, se solicita leer atentamente las condiciones generales previo a la utilizaci\u00f3n del sitio web y, en caso de duda, contactarse con el Centro de Atenci\u00f3n al Cliente de Experta, clientes@experta.com.ar \u00f3, telef\u00f3nicamente de lunes a viernes de 8 a 20 horas y, los s\u00e1bados de 8 a 12 horas al 0800 7777 278.<br \/>Experta podr\u00e1 ampliar y\/o restringir, seg\u00fan su exclusiva voluntad y sin preaviso alguno, las operaciones permitidas y\/o habilitadas en el sitio web.<\/p><\/div><p>\u00a0<\/p><p><b class=\"bold-blue subtitle\">Acceso al sitio. Seguridad. Obligaciones.<\/b><\/p><p>El acceso al sitio web se realiza a trav\u00e9s del ingreso de un nombre de usuario y la password. Por la sola utilizaci\u00f3n del sitio, el usuario acepta que al ingresar al sitio proporcionando su nombre de usuario y password, toda transacci\u00f3n se considerar\u00e1 hecha por el usuario.<\/p><p>La password es secreta e intransferible y por lo tanto, el usuario asume las consecuencias que podr\u00edan derivarse de su utilizaci\u00f3n por parte de terceros.<\/p><p>El Usuario se compromete a proteger y mantener en total confidencialidad la password.<\/p><p>El Usuario reconoce como v\u00e1lidas las pruebas que surjan de los elementos que componen el sistema inform\u00e1tico de Experta, como as\u00ed tambi\u00e9n, toda otra que sea h\u00e1bil para acreditar la orden impartida, y renuncia expresamente a cuestionar la idoneidad o habilidad de las pruebas que existentes.<\/p><p>El usuario renuncia a efectuar reclamo alguno a Experta por da\u00f1os derivados del uso que \u00e9l realice en el acceso a Experta online, comprometi\u00e9ndose a mantener indemne a Experta, sus directores y personal dependiente, de cualquier da\u00f1o que se derive de dicho uso, salvo que, de los elementos aportados a trav\u00e9s de Experta online se verifique culpa grave o dolo de Experta y que dicha culpa grave o dolo ocasione un da\u00f1o al usuario del sitio web.<\/p><p>Tampoco podr\u00e1 el usuario revender, ceder o licenciar en forma alguna el servicio brindado por Experta online, o de cualquier otro modo, autorizar o permitir su uso a terceros, salvo en los casos habilitados y\/o autorizados por Experta.<\/p><p>A los efectos de resolver cualquier controversia que se suscite con relaci\u00f3n a la utilizaci\u00f3n del sitio web, el usuario declara y acepta que las constancias emanadas de los registros de Experta -ya sean electr\u00f3nicas o por medios impresos- constituyen prueba suficiente y concluyente de las operaciones electr\u00f3nicas en ellos contenidas y de los actos y transacciones realizados por Experta. La buena fe de las constancias electr\u00f3nicas o impresas que aporte Experta subsistir\u00e1 hasta que por sentencia firme se declare judicialmente su falsedad o nulidad.<\/p><p>Experta no asume ninguna responsabilidad por los inconvenientes que el usuario tuviera con el software, hardware, servidores.<\/p><p>\u00a0<\/p><p><b class=\"bold-blue subtitle\">Incumplimiento de las obligaciones asumidas.<\/b><\/p><p>El incumplimiento de cualquiera de las obligaciones aqu\u00ed descriptas que asume el usuario ocasionar\u00e1 autom\u00e1ticamente la caducidad del derecho de utilizaci\u00f3n del sitio web.<\/p><p>Modificaciones al Servicio.\u00a0<\/p><p>El usuario declara y acepta que Experta tiene el derecho de modificar o discontinuar el servicio que presta por intermedio del sitio web en forma temporal o permanente, en cualquier momento, sin previo aviso, liber\u00e1ndola, irrevocablemente de toda responsabilidad.<\/p><p>\u00a0<\/p><p><b class=\"bold-blue subtitle\">Informaci\u00f3n contenida en el sitio.<\/b><\/p><p>El usuario, declara y acepta que la informaci\u00f3n contenida en el sitio web de Experta no debe ser utilizada por los usuarios para la toma de decisiones, por lo que expresamente el usuario renuncia a efectuar alg\u00fan reclamo a Experta por el contenido de la informaci\u00f3n brindada en el sitio web. Asimismo, asume el compromiso de mantener indemne a Experta de cualquier acci\u00f3n que se promoviere contra ella por la informaci\u00f3n brindada en el sitio web y a la que se tuviera acceso mediante la clave otorgada al usuario.<\/p><p>El usuario declara y acepta que la informaci\u00f3n contenida en el sitio tiene car\u00e1cter confidencial por lo que se obliga a abstenerse de su divulgaci\u00f3n, salvo que se trate de informaci\u00f3n que haya adquirido estado p\u00fablico por causas ajenas al usuario o a Experta o que debiere ser divulgada por disposici\u00f3n legal o por orden judicial.<\/p><p>Esta obligaci\u00f3n subsistir\u00e1 por tiempo indeterminado, aun despu\u00e9s de concluida la vigencia del contrato que vincula al usuario con Experta.<\/p><p>El usuario se compromete a conocer y cumplir todos y cada uno de los T\u00e9rminos y Condiciones Generales de la utilizaci\u00f3n del sitio web de Experta.<\/p><p>\u00a0<\/p><p><b class=\"bold-blue subtitle\">Marcas registradas y Derecho de Autor.<\/b><\/p><p>Todo el contenido del sitio web, incluido, los textos, gr\u00e1ficos, logos, \u00edconos, im\u00e1genes, marca, software son de propiedad de Experta, o bien, Experta tiene licencia para su utilizaci\u00f3n, a menos que se establezca lo contrario.<\/p><p>Queda prohibido copiar, descargar o almacenar en forma temporaria fragmentos del sitio web de Experta. El usuario podr\u00e1 hacer impresiones en los casos en que dicha funci\u00f3n est\u00e9 prevista y\/o habilitada en esta herramienta inform\u00e1tica y con relaci\u00f3n a los documentos que el usuario deba imprimir para el ejercicio de su derecho y\/o con relaci\u00f3n a la relaci\u00f3n comercial que lo vincula\/r\u00e1 con Experta.<\/p><p>\u00a0<\/p><p><b class=\"bold-blue subtitle\">Protecci\u00f3n de Datos Personales.<\/b><\/p><p>Los datos se recolectan \u00fanicamente para ser utilizados con motivo de la relaci\u00f3n comercial que lo vincula\/r\u00e1 con Experta.\u00a0<\/p><p>Se hace saber que, de conformidad con el art\u00edculo 3\u00b0 de la 14\/2018 de la Agencia de Acceso a la Informaci\u00f3n P\u00fablica, \u201cLA AGENCIA DE ACCESO A LA INFORMACI\u00d3N P\u00daBLICA, en su car\u00e1cter de \u00d3rgano de Control de la Ley N\u00b0 25.326, tiene la atribuci\u00f3n de atender las denuncias y reclamos que interpongan quienes resulten afectados en sus derechos por incumplimiento de las normas vigentes en materia de protecci\u00f3n de datos personales\u201d.<\/p><p>\u00a0<\/p><p><b class=\"bold-blue subtitle\">Derecho de Acceso a la informaci\u00f3n.<\/b><\/p><p>El derecho de acceso a los datos s\u00f3lo puede ser ejercido en forma gratuita a intervalos no inferiores a seis meses, salvo que se acredite un inter\u00e9s leg\u00edtimo al efecto, conforme lo establecido en el art\u00edculo 14, inciso 3 de la ley 25.326.<\/p><p>Procedimiento: El titular de los datos personales, previa acreditaci\u00f3n de su identidad puede ejercer su derecho de acceso a la informaci\u00f3n de manera gratuita, por medio de las siguientes v\u00edas:<\/p><ul><li>En forma directa, mediante la presentaci\u00f3n del titular de los datos en la compa\u00f1\u00eda dejando una nota por escrito, acompa\u00f1ando copia de su documento de identidad e indicando a trav\u00e9s de qu\u00e9 v\u00eda desea recibir la informaci\u00f3n.<\/li><li>A trav\u00e9s de una intimaci\u00f3n fehaciente por medio escrito que deje constancia de recepci\u00f3n.<\/li><li>Enviando un email a clientes@experta.com.ar, adjuntando copia escaneada del documento de identidad del titular.<\/li><\/ul><p>En todos los casos, Experta contestar\u00e1 el requerimiento por escrito o v\u00eda email, dependiendo de la forma que el usuario solicit\u00f3 recibir la informaci\u00f3n, dentro del plazo de diez d\u00edas corridos desde la recepci\u00f3n del mismo dejando constancia del env\u00edo de la respuesta.<\/p><p>Derecho de rectificaci\u00f3n, actualizaci\u00f3n o supresi\u00f3n de datos personales. Art\u00edculo 16 ley 25.326 Ley de Protecci\u00f3n de Datos Personales.<\/p><p>El titular de los datos tiene derecho a que sus datos sean rectificados, actualizados o suprimidos. Experta deber\u00e1 proceder a realizar los cambios solicitados por el titular de los datos personales dentro de los cinco d\u00edas h\u00e1biles de recibido el reclamo.<\/p><p>\u00a0<\/p><p><b class=\"bold-blue subtitle\">Jurisdicci\u00f3n y Ley Aplicable.<\/b><\/p><p>El usuario acepta que toda relaci\u00f3n que se genere en virtud del acceso y utilizaci\u00f3n del sitio ser\u00e1 regida por las leyes de la Rep\u00fablica Argentina. Asimismo, resultar\u00e1n competentes para dirimir cualquier controversia los Tribunales Nacionales en lo Comercial de la Ciudad Aut\u00f3noma de Buenos Aires, con renuncia expresa a cualquier otro fuero o jurisdicci\u00f3n.<\/p><p>\u00a0<\/p><p><b class=\"bold-blue subtitle\">Notificaciones.<\/b><\/p><p>Experta podr\u00e1 notificar a los usuarios del sitio web cualquier tema concerniente a la utilizaci\u00f3n del sitio y de los servicios que por su intermedio se presten y cualquier cambio que resuelva introducir a las presentes condiciones de utilizaci\u00f3n del sitio web, mediante correo postal, correos electr\u00f3nicos, o avisos insertos en el sitio.<\/p>\t\t\t\t\t\t\t\t<\/div>\n\t\t\t\t<div class=\"elementor-element elementor-element-0a36fa1 elementor-align-justify elementor-widget__width-initial elementor-widget elementor-widget-button\" data-id=\"0a36fa1\" data-element_type=\"widget\" data-e-type=\"widget\" data-widget_type=\"button.default\">\n\t\t\t\t\t\t\t\t\t\t<a class=\"elementor-button elementor-button-link elementor-size-sm\" href=\"https:\/\/webinstitucional.expertaart.com.ar\/wp-content\/uploads\/2025\/10\/terminos-y-condiciones-experta.pdf\" target=\"_blank\">\n\t\t\t\t\t\t<span class=\"elementor-button-content-wrapper\">\n\t\t\t\t\t\t\t\t\t<span class=\"elementor-button-text\">Sorteo redes sociales<\/span>\n\t\t\t\t\t<\/span>\n\t\t\t\t\t<\/a>\n\t\t\t\t\t\t\t\t<\/div>\n\t\t\t\t\t<\/div>\n\t\t\t\t<\/div>\n\t\t\t\t<\/div>\n\t\t\t\t<\/div>\n\t\t\t\t<\/div>\n\t\t","protected":false},"excerpt":{"rendered":"<p>T\u00e9rminos y condiciones A continuaci\u00f3n, se describen los T\u00e9rminos y Condiciones Generales aplicables a la utilizaci\u00f3n del sitio de internet webinstitucional.expertaart.com.ar, y de los servicios y contenidos brindados por Experta ART S.A.\u00a0 y Experta Seguros S.A.U. (indistintamente \u201cExperta\u201d ) online, que se ponen a disposici\u00f3n de los usuarios del sitio web en general y, en [&hellip;]<\/p>\n","protected":false},"author":1,"featured_media":0,"parent":0,"menu_order":0,"comment_status":"closed","ping_status":"closed","template":"","meta":{"_acf_changed":false,"footnotes":""},"class_list":["post-346","page","type-page","status-publish","hentry"],"acf":[],"_links":{"self":[{"href":"https:\/\/webinstitucional.expertaart.com.ar\/index.php\/wp-json\/wp\/v2\/pages\/346","targetHints":{"allow":["GET"]}}],"collection":[{"href":"https:\/\/webinstitucional.expertaart.com.ar\/index.php\/wp-json\/wp\/v2\/pages"}],"about":[{"href":"https:\/\/webinstitucional.expertaart.com.ar\/index.php\/wp-json\/wp\/v2\/types\/page"}],"author":[{"embeddable":true,"href":"https:\/\/webinstitucional.expertaart.com.ar\/index.php\/wp-json\/wp\/v2\/users\/1"}],"replies":[{"embeddable":true,"href":"https:\/\/webinstitucional.expertaart.com.ar\/index.php\/wp-json\/wp\/v2\/comments?post=346"}],"version-history":[{"count":4,"href":"https:\/\/webinstitucional.expertaart.com.ar\/index.php\/wp-json\/wp\/v2\/pages\/346\/revisions"}],"predecessor-version":[{"id":351,"href":"https:\/\/webinstitucional.expertaart.com.ar\/index.php\/wp-json\/wp\/v2\/pages\/346\/revisions\/351"}],"wp:attachment":[{"href":"https:\/\/webinstitucional.expertaart.com.ar\/index.php\/wp-json\/wp\/v2\/media?parent=346"}],"curies":[{"name":"wp","href":"https:\/\/api.w.org\/{rel}","templated":true}]}}